{"id":12,"date":"2026-02-17T19:20:19","date_gmt":"2026-02-17T19:20:19","guid":{"rendered":"https:\/\/consultaoberta.com\/?page_id=12"},"modified":"2026-02-17T20:17:04","modified_gmt":"2026-02-17T20:17:04","slug":"contacto","status":"publish","type":"page","link":"https:\/\/consultaoberta.com\/?page_id=12","title":{"rendered":"Contacto"},"content":{"rendered":"\n<p>En Consulta Oberta estamos disponibles para resolver dudas, coordinar citas o brindar informaci\u00f3n sobre nuestros servicios.<\/p>\n\n\n\n<p><strong>Tel\u00e9fono:<\/strong> <strong>694 290 602<\/strong><br>Puedes llamarnos o enviarnos un mensaje de WhatsApp. Respondemos con rapidez y claridad para ayudarte a organizar tu atenci\u00f3n.<\/p>\n\n\n\n<p><strong>Correo electr\u00f3nico:<\/strong> <strong>rociogras@cop.es<\/strong><br>Si prefieres escribirnos, responderemos lo antes posible con toda la informaci\u00f3n que necesites.<\/p>\n\n\n\n<p><strong>Modalidad de atenci\u00f3n:<\/strong><br>Ofrecemos sesiones presenciales, online y a domicilio, adapt\u00e1ndonos a tus necesidades y disponibilidad. Para terapia online, recibir\u00e1s un enlace seguro para conectarte desde cualquier dispositivo.<\/p>\n\n\n\n<p><strong>Horario de atenci\u00f3n:<\/strong><\/p>\n\n\n\n<p>&nbsp;&nbsp;&nbsp;&nbsp;&nbsp;&nbsp;&nbsp;&nbsp;&nbsp;&nbsp;&nbsp; En Consulta Oberta trabajamos siempre con <strong><u>cita previa<\/u><\/strong>, para asegurarnos de ofrecer un acompa\u00f1amiento personalizado y de calidad.<br>&nbsp;&nbsp;&nbsp;&nbsp;&nbsp;&nbsp;&nbsp;&nbsp;&nbsp;&nbsp;&nbsp; Estamos disponibles por tel\u00e9fono de <strong>lunes a viernes, de 10:00 a 20:00<\/strong>. Si no podemos atender tu llamada, deja un mensaje y nos pondremos en contacto contigo para atender tu consulta y coordinar tu cita. Si nos contactas fuera de este horario, puedes dejarnos un mensaje y nos pondremos en contacto contigo <strong>tan pronto como nos sea posible<\/strong>, para que recibas la atenci\u00f3n que necesitas.<\/p>\n\n\n\n<p>&nbsp;&nbsp;&nbsp;&nbsp;&nbsp;&nbsp;&nbsp;&nbsp;&nbsp;&nbsp;&nbsp; Toda la informaci\u00f3n que compartas se manejar\u00e1 con m\u00e1xima confidencialidad y respeto, siguiendo la normativa vigente de protecci\u00f3n de datos y \u00e9tica profesional.<\/p>\n\n\n\n<p><strong>Direcci\u00f3n:<\/strong> C\/ Jos\u00e9 Andreu Alabarta, 15 \u2013 Bajo, 46014 &#8211; Valencia<br>En esta direcci\u00f3n se ubica nuestro servicio psicopedag\u00f3gico, el cual se encuentra bien comunicado y est\u00e1 pensado para ofrecer un espacio seguro, c\u00e1lido y accesible.<\/p>\n\n\n\n<iframe src=\"https:\/\/www.google.com\/maps\/embed?pb=!1m18!1m12!1m3!1d1222.5749499729834!2d-0.40552589886074997!3d39.453610243711545!2m3!1f0!2f0!3f0!3m2!1i1024!2i768!4f13.1!3m3!1m2!1s0xd604f0565a64407%3A0xdfc00dc8365f9095!2sAcademia%20Aula%20Oberta%20San%20Isidro%20Valencia!5e0!3m2!1ses!2ses!4v1771359318456!5m2!1ses!2ses\" width=\"600\" height=\"450\" style=\"border:0;\" allowfullscreen=\"\" loading=\"lazy\" referrerpolicy=\"no-referrer-when-downgrade\"><\/iframe>\n","protected":false},"excerpt":{"rendered":"<p>En Consulta Oberta estamos disponibles para resolver dudas, coordinar citas o brindar informaci\u00f3n sobre nuestros servicios. Tel\u00e9fono: 694 290 602Puedes llamarnos o enviarnos un mensaje de WhatsApp. Respondemos con rapidez y claridad para ayudarte a organizar tu atenci\u00f3n. Correo electr\u00f3nico: rociogras@cop.esSi prefieres escribirnos, responderemos lo antes posible con toda la informaci\u00f3n que necesites. Modalidad de [&hellip;]<\/p>\n","protected":false},"author":1,"featured_media":0,"parent":0,"menu_order":0,"comment_status":"closed","ping_status":"closed","template":"","meta":{"_genesis_hide_title":false,"_genesis_hide_breadcrumbs":false,"_genesis_hide_singular_image":false,"_genesis_hide_footer_widgets":false,"_genesis_custom_body_class":"","_genesis_custom_post_class":"","_genesis_layout":"","footnotes":""},"class_list":{"0":"post-12","1":"page","2":"type-page","3":"status-publish","5":"entry"},"_links":{"self":[{"href":"https:\/\/consultaoberta.com\/index.php?rest_route=\/wp\/v2\/pages\/12","targetHints":{"allow":["GET"]}}],"collection":[{"href":"https:\/\/consultaoberta.com\/index.php?rest_route=\/wp\/v2\/pages"}],"about":[{"href":"https:\/\/consultaoberta.com\/index.php?rest_route=\/wp\/v2\/types\/page"}],"author":[{"embeddable":true,"href":"https:\/\/consultaoberta.com\/index.php?rest_route=\/wp\/v2\/users\/1"}],"replies":[{"embeddable":true,"href":"https:\/\/consultaoberta.com\/index.php?rest_route=%2Fwp%2Fv2%2Fcomments&post=12"}],"version-history":[{"count":4,"href":"https:\/\/consultaoberta.com\/index.php?rest_route=\/wp\/v2\/pages\/12\/revisions"}],"predecessor-version":[{"id":72,"href":"https:\/\/consultaoberta.com\/index.php?rest_route=\/wp\/v2\/pages\/12\/revisions\/72"}],"wp:attachment":[{"href":"https:\/\/consultaoberta.com\/index.php?rest_route=%2Fwp%2Fv2%2Fmedia&parent=12"}],"curies":[{"name":"wp","href":"https:\/\/api.w.org\/{rel}","templated":true}]}}