{"id":13,"date":"2026-02-17T19:20:19","date_gmt":"2026-02-17T19:20:19","guid":{"rendered":"https:\/\/consultaoberta.com\/?page_id=13"},"modified":"2026-02-17T20:01:44","modified_gmt":"2026-02-17T20:01:44","slug":"servicios","status":"publish","type":"page","link":"https:\/\/consultaoberta.com\/?page_id=13","title":{"rendered":"Servicios"},"content":{"rendered":"\n<h4 class=\"wp-block-heading\"><strong>&#8211; Psicolog\u00eda Sanitaria<\/strong><\/h4>\n\n\n\n<ul class=\"wp-block-list\">\n<li>Atenci\u00f3n psicol\u00f3gica para <strong>ni\u00f1os, adolescentes y adultos<\/strong><strong>.<\/strong><\/li>\n\n\n\n<li>Terapia individual, de pareja y familiar, adaptada a cada situaci\u00f3n.<\/li>\n\n\n\n<li>Sesiones <strong>presenciales, online y a domicilio<\/strong>, seg\u00fan las necesidades de cada persona.<\/li>\n\n\n\n<li>Abordaje de ansiedad, depresi\u00f3n, estr\u00e9s y otros retos emocionales.<\/li>\n<\/ul>\n\n\n\n<h4 class=\"wp-block-heading\"><strong>&#8211; Psicopedagog\u00eda<\/strong><\/h4>\n\n\n\n<ul class=\"wp-block-list\">\n<li>Evaluaci\u00f3n e intervenci\u00f3n en dificultades de aprendizaje (lectoescritura, atenci\u00f3n, razonamiento matem\u00e1tico, etc.).<\/li>\n\n\n\n<li>Orientaci\u00f3n acad\u00e9mica y apoyo en procesos educativos.<\/li>\n\n\n\n<li>Intervenci\u00f3n psicopedag\u00f3gica adaptada a las necesidades del alumnado.<\/li>\n\n\n\n<li>Entrenamiento en t\u00e9cnicas de estudio, organizaci\u00f3n y h\u00e1bitos de trabajo.<\/li>\n\n\n\n<li>Informes psicopedag\u00f3gicos para familias o centros educativos.<\/li>\n<\/ul>\n\n\n\n<h4 class=\"wp-block-heading\"><strong>&#8211; Neuropsicolog\u00eda<\/strong><\/h4>\n\n\n\n<ul class=\"wp-block-list\">\n<li>Evaluaci\u00f3n neuropsicol\u00f3gica completa para conocer el perfil cognitivo.<\/li>\n\n\n\n<li>Programas de rehabilitaci\u00f3n cognitiva personalizados.<\/li>\n\n\n\n<li>Intervenci\u00f3n en da\u00f1o cerebral adquirido, TDAH, deterioro cognitivo, dificultades de memoria y otras alteraciones.<\/li>\n\n\n\n<li>Elaboraci\u00f3n de informes cl\u00ednicos rigurosos.<\/li>\n<\/ul>\n","protected":false},"excerpt":{"rendered":"<p>&#8211; Psicolog\u00eda Sanitaria &#8211; Psicopedagog\u00eda &#8211; Neuropsicolog\u00eda<\/p>\n","protected":false},"author":1,"featured_media":0,"parent":0,"menu_order":0,"comment_status":"closed","ping_status":"closed","template":"","meta":{"_genesis_hide_title":false,"_genesis_hide_breadcrumbs":false,"_genesis_hide_singular_image":false,"_genesis_hide_footer_widgets":false,"_genesis_custom_body_class":"","_genesis_custom_post_class":"","_genesis_layout":"","footnotes":""},"class_list":{"0":"post-13","1":"page","2":"type-page","3":"status-publish","5":"entry"},"_links":{"self":[{"href":"https:\/\/consultaoberta.com\/index.php?rest_route=\/wp\/v2\/pages\/13","targetHints":{"allow":["GET"]}}],"collection":[{"href":"https:\/\/consultaoberta.com\/index.php?rest_route=\/wp\/v2\/pages"}],"about":[{"href":"https:\/\/consultaoberta.com\/index.php?rest_route=\/wp\/v2\/types\/page"}],"author":[{"embeddable":true,"href":"https:\/\/consultaoberta.com\/index.php?rest_route=\/wp\/v2\/users\/1"}],"replies":[{"embeddable":true,"href":"https:\/\/consultaoberta.com\/index.php?rest_route=%2Fwp%2Fv2%2Fcomments&post=13"}],"version-history":[{"count":2,"href":"https:\/\/consultaoberta.com\/index.php?rest_route=\/wp\/v2\/pages\/13\/revisions"}],"predecessor-version":[{"id":54,"href":"https:\/\/consultaoberta.com\/index.php?rest_route=\/wp\/v2\/pages\/13\/revisions\/54"}],"wp:attachment":[{"href":"https:\/\/consultaoberta.com\/index.php?rest_route=%2Fwp%2Fv2%2Fmedia&parent=13"}],"curies":[{"name":"wp","href":"https:\/\/api.w.org\/{rel}","templated":true}]}}