{"id":14,"date":"2026-02-17T19:20:19","date_gmt":"2026-02-17T19:20:19","guid":{"rendered":"https:\/\/consultaoberta.com\/?page_id=14"},"modified":"2026-02-17T20:10:27","modified_gmt":"2026-02-17T20:10:27","slug":"tarifas","status":"publish","type":"page","link":"https:\/\/consultaoberta.com\/?page_id=14","title":{"rendered":"Tarifas"},"content":{"rendered":"\n<p>En Consulta Oberta ofrecemos servicios personalizados de psicolog\u00eda, psicopedagog\u00eda y neuropsicolog\u00eda. Todos nuestros precios incluyen seguimiento y planificaci\u00f3n adaptada a cada persona. Para cualquier duda sobre tarifas o modalidades, puedes <strong>contactarnos directamente<\/strong><strong>.<\/strong><\/p>\n\n\n\n<h3 class=\"wp-block-heading\"><strong><u>Sesiones de Psicolog\u00eda<\/u><\/strong><\/h3>\n\n\n\n<ul class=\"wp-block-list\">\n<li>Individuales &#8211; Online: 60 \u20ac<\/li>\n\n\n\n<li>Terapia de pareja y familiar: 75 \u20ac<\/li>\n\n\n\n<li>A domicilio (solo en la ciudad de Valencia): 120 \u20ac<\/li>\n<\/ul>\n\n\n\n<h3 class=\"wp-block-heading\"><strong><u>Sesiones de Psicopedagog\u00eda y Neuropsicolog\u00eda<\/u><\/strong><\/h3>\n\n\n\n<ul class=\"wp-block-list\">\n<li>45 minutos: 45 \u20ac<\/li>\n\n\n\n<li>60 minutos: 60 \u20ac<\/li>\n<\/ul>\n\n\n\n<h3 class=\"wp-block-heading\"><strong><u>Evaluaciones Psicopedag\u00f3gicas<\/u><\/strong><\/h3>\n\n\n\n<ul class=\"wp-block-list\">\n<li>Evaluaci\u00f3n completa: 250 \u20ac (<em>Incluye la recogida de informaci\u00f3n, la aplicaci\u00f3n y correcci\u00f3n de pruebas, as\u00ed como la devoluci\u00f3n de resultados de manera clara y comprensible. Si se requieren sesiones adicionales para completar la evaluaci\u00f3n, estas se incluyen dentro del precio pactado.)<\/em><\/li>\n\n\n\n<li>Informe profesional: 90 \u20ac (<em>Tras la evaluaci\u00f3n, es posible plasmar los resultados y conclusiones por escrito. Este servicio incluye la redacci\u00f3n y entrega del informe profesional, con un resumen detallado de hallazgos, recomendaciones y orientaciones para familias, alumnado o centros educativos.)<\/em><\/li>\n<\/ul>\n\n\n\n<p><\/p>\n","protected":false},"excerpt":{"rendered":"<p>En Consulta Oberta ofrecemos servicios personalizados de psicolog\u00eda, psicopedagog\u00eda y neuropsicolog\u00eda. Todos nuestros precios incluyen seguimiento y planificaci\u00f3n adaptada a cada persona. Para cualquier duda sobre tarifas o modalidades, puedes contactarnos directamente. Sesiones de Psicolog\u00eda Sesiones de Psicopedagog\u00eda y Neuropsicolog\u00eda Evaluaciones Psicopedag\u00f3gicas<\/p>\n","protected":false},"author":1,"featured_media":0,"parent":0,"menu_order":0,"comment_status":"closed","ping_status":"closed","template":"","meta":{"_genesis_hide_title":false,"_genesis_hide_breadcrumbs":false,"_genesis_hide_singular_image":false,"_genesis_hide_footer_widgets":false,"_genesis_custom_body_class":"","_genesis_custom_post_class":"","_genesis_layout":"","footnotes":""},"class_list":{"0":"post-14","1":"page","2":"type-page","3":"status-publish","5":"entry"},"_links":{"self":[{"href":"https:\/\/consultaoberta.com\/index.php?rest_route=\/wp\/v2\/pages\/14","targetHints":{"allow":["GET"]}}],"collection":[{"href":"https:\/\/consultaoberta.com\/index.php?rest_route=\/wp\/v2\/pages"}],"about":[{"href":"https:\/\/consultaoberta.com\/index.php?rest_route=\/wp\/v2\/types\/page"}],"author":[{"embeddable":true,"href":"https:\/\/consultaoberta.com\/index.php?rest_route=\/wp\/v2\/users\/1"}],"replies":[{"embeddable":true,"href":"https:\/\/consultaoberta.com\/index.php?rest_route=%2Fwp%2Fv2%2Fcomments&post=14"}],"version-history":[{"count":2,"href":"https:\/\/consultaoberta.com\/index.php?rest_route=\/wp\/v2\/pages\/14\/revisions"}],"predecessor-version":[{"id":60,"href":"https:\/\/consultaoberta.com\/index.php?rest_route=\/wp\/v2\/pages\/14\/revisions\/60"}],"wp:attachment":[{"href":"https:\/\/consultaoberta.com\/index.php?rest_route=%2Fwp%2Fv2%2Fmedia&parent=14"}],"curies":[{"name":"wp","href":"https:\/\/api.w.org\/{rel}","templated":true}]}}