{"id":47,"date":"2026-02-17T19:58:25","date_gmt":"2026-02-17T19:58:25","guid":{"rendered":"https:\/\/consultaoberta.com\/?page_id=47"},"modified":"2026-02-17T20:09:31","modified_gmt":"2026-02-17T20:09:31","slug":"cuando-pedir-ayuda","status":"publish","type":"page","link":"https:\/\/consultaoberta.com\/?page_id=47","title":{"rendered":"\u00bfCuando pedir ayuda?"},"content":{"rendered":"\n<p>En diferentes momentos de la vida, todas las personas podemos sentirnos desbordadas o confundidas, y en esas ocasiones es valioso contar con la gu\u00eda de un profesional que nos acompa\u00f1e.<\/p>\n\n\n\n<p>&nbsp;&nbsp;&nbsp;&nbsp;&nbsp;&nbsp;&nbsp;&nbsp;&nbsp;&nbsp;&nbsp; Buscar apoyo psicol\u00f3gico o psicopedag\u00f3gico no es un signo de debilidad, sino una decisi\u00f3n responsable y valiente hacia el bienestar, la comprensi\u00f3n y el crecimiento personal.<\/p>\n\n\n\n<p>&nbsp;&nbsp;&nbsp;&nbsp;&nbsp;&nbsp;&nbsp;&nbsp;&nbsp;&nbsp;&nbsp; La consulta puede ser un buen lugar si notas:<\/p>\n\n\n\n<ul class=\"wp-block-list\">\n<li><strong>Dificultades emocionales o conductuales<\/strong><br>Ansiedad, tristeza, miedos, irritabilidad, baja autoestima, cambios bruscos en el estado de \u00e1nimo o problemas de relaci\u00f3n.<\/li>\n\n\n\n<li><strong>Cambios importantes en casa, en la escuela o en la vida familiar<\/strong><br>Separaciones, p\u00e9rdidas, mudanzas, conflictos familiares, cambios de etapa (infancia\u2013adolescencia, adolescencia\u2013adultez), adaptaci\u00f3n escolar.<\/li>\n\n\n\n<li><strong>Necesidad de orientaci\u00f3n o acompa\u00f1amiento personal<\/strong><br>Toma de decisiones, gesti\u00f3n de estr\u00e9s, mejora de habilidades sociales, comunicaci\u00f3n familiar, h\u00e1bitos de estudio, organizaci\u00f3n o h\u00e1bitos de vida.<\/li>\n\n\n\n<li><strong>Problemas de aprendizaje o atenci\u00f3n<\/strong><br>Dificultades en lectoescritura, comprensi\u00f3n, razonamiento matem\u00e1tico, memoria, concentraci\u00f3n o rendimiento acad\u00e9mico.<\/li>\n\n\n\n<li><strong>Dudas sobre posibles trastornos del aprendizaje o del desarrollo<\/strong><br>TDAH, dislexia, discalculia, altas capacidades, trastornos del lenguaje, dificultades en la regulaci\u00f3n emocional o del comportamiento.<\/li>\n\n\n\n<li><strong>Cambios cognitivos o preocupaciones sobre la memoria<\/strong><br>En personas adultas o mayores: olvidos frecuentes, confusi\u00f3n, dificultades para planificar, organizar o mantener la atenci\u00f3n.<\/li>\n<\/ul>\n\n\n\n<p>&nbsp;&nbsp;&nbsp;&nbsp;&nbsp;&nbsp;&nbsp;&nbsp;&nbsp;&nbsp;&nbsp;&nbsp;&nbsp;&nbsp;&nbsp; Buscar ayuda es una forma de cuidarte y cuidar a quienes te rodean.<br><\/p>\n","protected":false},"excerpt":{"rendered":"<p>En diferentes momentos de la vida, todas las personas podemos sentirnos desbordadas o confundidas, y en esas ocasiones es valioso contar con la gu\u00eda de un profesional que nos acompa\u00f1e. &nbsp;&nbsp;&nbsp;&nbsp;&nbsp;&nbsp;&nbsp;&nbsp;&nbsp;&nbsp;&nbsp; Buscar apoyo psicol\u00f3gico o psicopedag\u00f3gico no es un signo de debilidad, sino una decisi\u00f3n responsable y valiente hacia el bienestar, la comprensi\u00f3n y el [&hellip;]<\/p>\n","protected":false},"author":1,"featured_media":0,"parent":0,"menu_order":0,"comment_status":"closed","ping_status":"closed","template":"","meta":{"_genesis_hide_title":false,"_genesis_hide_breadcrumbs":false,"_genesis_hide_singular_image":false,"_genesis_hide_footer_widgets":false,"_genesis_custom_body_class":"","_genesis_custom_post_class":"","_genesis_layout":"","footnotes":""},"class_list":{"0":"post-47","1":"page","2":"type-page","3":"status-publish","5":"entry"},"_links":{"self":[{"href":"https:\/\/consultaoberta.com\/index.php?rest_route=\/wp\/v2\/pages\/47","targetHints":{"allow":["GET"]}}],"collection":[{"href":"https:\/\/consultaoberta.com\/index.php?rest_route=\/wp\/v2\/pages"}],"about":[{"href":"https:\/\/consultaoberta.com\/index.php?rest_route=\/wp\/v2\/types\/page"}],"author":[{"embeddable":true,"href":"https:\/\/consultaoberta.com\/index.php?rest_route=\/wp\/v2\/users\/1"}],"replies":[{"embeddable":true,"href":"https:\/\/consultaoberta.com\/index.php?rest_route=%2Fwp%2Fv2%2Fcomments&post=47"}],"version-history":[{"count":2,"href":"https:\/\/consultaoberta.com\/index.php?rest_route=\/wp\/v2\/pages\/47\/revisions"}],"predecessor-version":[{"id":57,"href":"https:\/\/consultaoberta.com\/index.php?rest_route=\/wp\/v2\/pages\/47\/revisions\/57"}],"wp:attachment":[{"href":"https:\/\/consultaoberta.com\/index.php?rest_route=%2Fwp%2Fv2%2Fmedia&parent=47"}],"curies":[{"name":"wp","href":"https:\/\/api.w.org\/{rel}","templated":true}]}}