{"id":66,"date":"2026-02-17T20:13:15","date_gmt":"2026-02-17T20:13:15","guid":{"rendered":"https:\/\/consultaoberta.com\/?page_id=66"},"modified":"2026-02-17T20:13:15","modified_gmt":"2026-02-17T20:13:15","slug":"consulta-oberta","status":"publish","type":"page","link":"https:\/\/consultaoberta.com\/?page_id=66","title":{"rendered":"Consulta Oberta"},"content":{"rendered":"\n<p>Consulta Oberta es un servicio sanitario gestionado por Roc\u00edo Gras Serrano, psic\u00f3loga sanitaria y neuropsic\u00f3loga con m\u00e1s de 20 a\u00f1os de experiencia. Acompa\u00f1amos a ni\u00f1os, adolescentes y adultos trabajando de forma conjunta con las familias y el profesorado, para comprender, potenciar y apoyar los procesos personales, emocionales y acad\u00e9micos.<\/p>\n\n\n\n<p>&nbsp;&nbsp;&nbsp;&nbsp;&nbsp;&nbsp;&nbsp;&nbsp;&nbsp;&nbsp;&nbsp; Nuestro enfoque es cognitivo-conductual, humano y respetuoso, siempre basado en la evidencia cient\u00edfica. Sabemos que cada persona es \u00fanica, por eso ofrecemos una atenci\u00f3n personalizada, cercana y confidencial, orientada a promover el bienestar, el aprendizaje y el desarrollo integral.<\/p>\n\n\n\n<p>&nbsp;&nbsp;&nbsp;&nbsp;&nbsp;&nbsp;&nbsp;&nbsp;&nbsp;&nbsp;&nbsp; Creemos en una intervenci\u00f3n integral y colaborativa, que combina herramientas de la psicolog\u00eda cl\u00ednica, la neuropsicolog\u00eda, la pedagog\u00eda y la educaci\u00f3n emocional. Trabajamos desde una mirada respetuosa, emp\u00e1tica e inclusiva adaptando los procesos a las necesidades, ritmos y fortalezas de cada persona.<\/p>\n\n\n\n<p>&nbsp;&nbsp;&nbsp;&nbsp;&nbsp;&nbsp;&nbsp;&nbsp;&nbsp;&nbsp;&nbsp; Bienvenid@ a este espacio de acompa\u00f1amiento emocional, educativo y familiar.<\/p>\n\n\n\n<figure class=\"wp-block-image size-large\"><img loading=\"lazy\" decoding=\"async\" width=\"771\" height=\"1024\" src=\"https:\/\/consultaoberta.com\/wp-content\/uploads\/2026\/02\/WhatsApp-Image-2026-01-14-at-12.34.07-771x1024.jpeg\" alt=\"\" class=\"wp-image-61\" srcset=\"https:\/\/consultaoberta.com\/wp-content\/uploads\/2026\/02\/WhatsApp-Image-2026-01-14-at-12.34.07-771x1024.jpeg 771w, https:\/\/consultaoberta.com\/wp-content\/uploads\/2026\/02\/WhatsApp-Image-2026-01-14-at-12.34.07-226x300.jpeg 226w, https:\/\/consultaoberta.com\/wp-content\/uploads\/2026\/02\/WhatsApp-Image-2026-01-14-at-12.34.07-768x1021.jpeg 768w, https:\/\/consultaoberta.com\/wp-content\/uploads\/2026\/02\/WhatsApp-Image-2026-01-14-at-12.34.07-1156x1536.jpeg 1156w, https:\/\/consultaoberta.com\/wp-content\/uploads\/2026\/02\/WhatsApp-Image-2026-01-14-at-12.34.07.jpeg 1204w\" sizes=\"auto, (max-width: 771px) 100vw, 771px\" \/><\/figure>\n","protected":false},"excerpt":{"rendered":"<p>Consulta Oberta es un servicio sanitario gestionado por Roc\u00edo Gras Serrano, psic\u00f3loga sanitaria y neuropsic\u00f3loga con m\u00e1s de 20 a\u00f1os de experiencia. Acompa\u00f1amos a ni\u00f1os, adolescentes y adultos trabajando de forma conjunta con las familias y el profesorado, para comprender, potenciar y apoyar los procesos personales, emocionales y acad\u00e9micos. &nbsp;&nbsp;&nbsp;&nbsp;&nbsp;&nbsp;&nbsp;&nbsp;&nbsp;&nbsp;&nbsp; Nuestro enfoque es cognitivo-conductual, humano [&hellip;]<\/p>\n","protected":false},"author":1,"featured_media":0,"parent":0,"menu_order":0,"comment_status":"closed","ping_status":"closed","template":"","meta":{"_genesis_hide_title":false,"_genesis_hide_breadcrumbs":false,"_genesis_hide_singular_image":false,"_genesis_hide_footer_widgets":false,"_genesis_custom_body_class":"","_genesis_custom_post_class":"","_genesis_layout":"","footnotes":""},"class_list":{"0":"post-66","1":"page","2":"type-page","3":"status-publish","5":"entry"},"_links":{"self":[{"href":"https:\/\/consultaoberta.com\/index.php?rest_route=\/wp\/v2\/pages\/66","targetHints":{"allow":["GET"]}}],"collection":[{"href":"https:\/\/consultaoberta.com\/index.php?rest_route=\/wp\/v2\/pages"}],"about":[{"href":"https:\/\/consultaoberta.com\/index.php?rest_route=\/wp\/v2\/types\/page"}],"author":[{"embeddable":true,"href":"https:\/\/consultaoberta.com\/index.php?rest_route=\/wp\/v2\/users\/1"}],"replies":[{"embeddable":true,"href":"https:\/\/consultaoberta.com\/index.php?rest_route=%2Fwp%2Fv2%2Fcomments&post=66"}],"version-history":[{"count":1,"href":"https:\/\/consultaoberta.com\/index.php?rest_route=\/wp\/v2\/pages\/66\/revisions"}],"predecessor-version":[{"id":67,"href":"https:\/\/consultaoberta.com\/index.php?rest_route=\/wp\/v2\/pages\/66\/revisions\/67"}],"wp:attachment":[{"href":"https:\/\/consultaoberta.com\/index.php?rest_route=%2Fwp%2Fv2%2Fmedia&parent=66"}],"curies":[{"name":"wp","href":"https:\/\/api.w.org\/{rel}","templated":true}]}}